{"id":50,"date":"2021-12-14T10:33:16","date_gmt":"2021-12-14T09:33:16","guid":{"rendered":"http:\/\/lodowisko.rzeszow.pl\/?page_id=50"},"modified":"2025-12-01T10:48:27","modified_gmt":"2025-12-01T09:48:27","slug":"regulamin-lodowiska","status":"publish","type":"page","link":"http:\/\/lodowisko.rzeszow.pl\/?page_id=50","title":{"rendered":"REGULAMIN LODOWISKA"},"content":{"rendered":"\n<ol><li>Lodowisko jest og\u00f3lnodost\u0119pnym obiektem prowadzonym przez Sp\u00f3\u0142k\u0119 Alegria Sp. z o.o.<\/li><li>Do korzystania z lodowiska uprawnione s\u0105 osoby posiadaj\u0105ce wa\u017cny bilet wst\u0119pu. Bilet nale\u017cy zachowa\u0107 do kontroli do czasu opuszczenia terenu lodowiska.<\/li><li>Uprawnieni do biletu ulgowego: uczniowie i studenci (za okazaniem wa\u017cnej legitymacji), seniorzy od 65. roku \u017cycia oraz seniorki od 60. roku \u017cycia<\/li><li>Uprawnieni\u00a0do biletu zni\u017ckowego z Rzeszowsk\u0105 Kart\u0105 Mieszka\u0144ca maj\u0105 osoby po okazaniu aktualnej Rzeszowskiej Karty Mieszka\u0144ca.<\/li><li>Uczniowie rzeszowskich szk\u00f3\u0142 maj\u0105 wst\u0119p wolny z WEJ\u015aCI\u00d3WKAMI wydawanymi przez szko\u0142\u0119, wst\u0119p wolny jest mo\u017cliwy od poniedzia\u0142ku do pi\u0105tku do godziny 14:00 *z wyj\u0105tkiem sob\u00f3t, niedziel, \u015bwi\u0105t, przerwy \u015bwi\u0105tecznej, ferii. Wraz z wej\u015bci\u00f3wk\u0105 nale\u017cy okaza\u0107 wa\u017cn\u0105 legitymacj\u0119 szkoln\u0105. Ilo\u015b\u0107 miejsc na terenie lodowiska jest ograniczona, liczy si\u0119 kolejno\u015b\u0107 wej\u015b\u0107, pierwsze\u0144stwo maj\u0105 grupy szkolne, kt\u00f3re wcze\u015bniej zarezerwowa\u0142y miejsce. Pracownik obs\u0142ugi lodowiska ma prawo wstrzymania wst\u0119pu na lodowisko, do momentu zwolnienia miejsca. Wej\u015bci\u00f3wki wydawane przez rzeszowskie szko\u0142y s\u0105 jednorazowe, uprawniaj\u0105 do jednokrotnego wst\u0119pu na lodowisko.<\/li><li>Podczas przerwy technicznej wszyscy uczestnicy musz\u0105 opu\u015bci\u0107 tafl\u0119 lodowiska.<\/li><li>Osoby korzystaj\u0105ce z lodowiska zobowi\u0105zane s\u0105 do bezwzgl\u0119dnego stosowania si\u0119 do zalece\u0144 wynikaj\u0105cych z regulaminu oraz wykonywania polece\u0144 s\u0142u\u017cb porz\u0105dkowych i pracownik\u00f3w obs\u0142ugi lodowiska.<\/li><li>Na tafli lodowiska mog\u0105 przebywa\u0107 wy\u0142\u0105cznie osoby na \u0142y\u017cwach.<\/li><li>Dzieci do lat 7 mog\u0105 korzysta\u0107 z lodowiska tylko pod opiek\u0105 osoby doros\u0142ej b\u0119d\u0105cej na \u0142y\u017cwach.<\/li><li>Osoby korzystaj\u0105ce z lodowiska zobowi\u0105zane s\u0105 do zachowania szczeg\u00f3lnej ostro\u017cno\u015bci podczas jazdy, kt\u00f3ra odbywa si\u0119 w jednym kierunku. O kierunku jazdy decyduj\u0105 pracownicy obs\u0142ugi lodowiska.<\/li><li>Obowi\u0105zuje bezwzgl\u0119dny zakaz chodzenia w \u0142y\u017cwach poza miejscami wy\u0142o\u017conymi wyk\u0142adzin\u0105 gumow\u0105.<\/li><li>Na terenie lodowiska obowi\u0105zuje zakaz wnoszenia i spo\u017cywania napoj\u00f3w alkoholowych, przebywania os\u00f3b w stanie wskazuj\u0105cym na spo\u017cycie alkoholu lub \u015brodk\u00f3w odurzaj\u0105cych, jak te\u017c obowi\u0105zuje zakaz palenia papieros\u00f3w.<\/li><li>Ponadto osobom korzystaj\u0105cym z lodowiska zabrania si\u0119:<br>\u00b7 Siadania na bandach otaczaj\u0105cych lodowisko,<br>\u00b7 Rzucania \u015bniegiem,<br>\u00b7 Jazdy z dzie\u0107mi na r\u0119kach,<br>\u00b7 Niszczenia sprz\u0119tu i urz\u0105dze\u0144,<br>\u00b7 Biegania,<br>\u00b7 Wnoszenia oraz spo\u017cywania jedzenia i napoj\u00f3w na tafli lodowiska,<br>\u00b7 U\u017cywania kij\u00f3w, kr\u0105\u017ck\u00f3w i innych przedmiot\u00f3w mog\u0105cych stanowi\u0107 zagro\u017cenie dla uczestnik\u00f3w korzystaj\u0105cych z lodowiska,<br>\u00b7 Stwarzania sytuacji niebezpiecznych dla u\u017cytkownik\u00f3w lodowiska, jazdy pod pr\u0105d, urz\u0105dzania wy\u015bcig\u00f3w i niebezpiecznych zabaw.<\/li><li>Wszelkie zauwa\u017cone uszkodzenia lub zagro\u017cenia nale\u017cy zg\u0142osi\u0107 pracownikom obs\u0142ugi lodowiska.<\/li><li>W przypadku stwierdzenia wyrz\u0105dzenia szkody, osoba odpowiedzialna za dokonanie zniszcze\u0144 zostanie z tego tytu\u0142u obci\u0105\u017cona materialnie.<\/li><li>Osoby korzystaj\u0105ce z lodowiska ponosz\u0105 ryzyko zwi\u0105zane z amatorskim uprawianiem \u0142y\u017cwiarstwa.<\/li><li>Zaleca si\u0119 jazd\u0119 w r\u0119kawiczkach i kasku ochronnym.<\/li><li>Lodowisko mo\u017ce by\u0107 nieczynne z powodu niekorzystnych warunk\u00f3w atmosferycznych (temperatura otoczenia powy\u017cej +10\u00b0 C, du\u017ce opady \u015bniegu, deszczu, silny wiatr) lub awarii urz\u0105dze\u0144 lodowiska.<\/li><li>Osoby niestosuj\u0105ce si\u0119 do postanowie\u0144 niniejszego regulaminu zostan\u0105 usuni\u0119te z lodowiska, bez prawa zwrotu wniesionej op\u0142aty za bilet wst\u0119pu lub wypo\u017cyczone \u0142y\u017cwy.<\/li><li>Alegria Sp. z o.o. w\u0142a\u015bciciel obiektu Lodowisko informuje, i\u017c posiada ubezpieczenie OC z tytu\u0142u prowadzenia dzia\u0142alno\u015bci na Lodowisku, ubezpieczenie nie obejmuje wypadk\u00f3w wynikaj\u0105cych z uprawiania jazdy na lodzie (upadki, zderzenia, itp.)<\/li><li>Wizerunek os\u00f3b przebywaj\u0105cych na terenie obiektu mo\u017ce zosta\u0107 utrwalony, a nast\u0119pnie rozpowszechniany dla cel\u00f3w dokumentacyjnych, sprawozdawczych, reklamowych oraz promocyjnych. Wej\u015bcie na teren obiektu jest r\u00f3wnoznaczne z wyra\u017ceniem zgody na w\/w dzia\u0142ania. Wizerunek mo\u017ce by\u0107 r\u00f3wnie\u017c utrwalony i rozpowszechniony przez inne osoby przebywaj\u0105ce na obiekcie, za kt\u00f3re Alegria Sp. z o.o. nie mo\u017ce ponosi\u0107 odpowiedzialno\u015bci. W przypadku niewyra\u017cenia zgody nie nale\u017cy przebywa\u0107 na terenie obiektu.<\/li><\/ol>\n\n\n\n<p><\/p>\n\n\n\n<p><\/p>\n\n\n\n<p class=\"has-text-align-center\">OSOBY NIEPRZESTRZEGAJ\u0104CE REGULAMINU B\u0118D\u0104 WYPRASZANE Z OBIEKTU!<\/p>\n","protected":false},"excerpt":{"rendered":"<p>Lodowisko jest og\u00f3lnodost\u0119pnym obiektem prowadzonym przez Sp\u00f3\u0142k\u0119 Alegria Sp. z o.o. Do korzystania z lodowiska uprawnione s\u0105 osoby posiadaj\u0105ce wa\u017cny bilet wst\u0119pu. Bilet nale\u017cy zachowa\u0107 do kontroli do czasu opuszczenia terenu lodowiska. Uprawnieni do biletu ulgowego: uczniowie i studenci (za okazaniem wa\u017cnej legitymacji), seniorzy od 65. roku \u017cycia oraz seniorki od 60. roku \u017cycia Uprawnieni\u00a0do &hellip;<\/p>\n<p class=\"read-more\"> <a class=\"\" href=\"http:\/\/lodowisko.rzeszow.pl\/?page_id=50\"> <span class=\"screen-reader-text\">REGULAMIN LODOWISKA<\/span> Read More &raquo;<\/a><\/p>\n","protected":false},"author":1,"featured_media":0,"parent":0,"menu_order":0,"comment_status":"closed","ping_status":"closed","template":"","meta":{"site-sidebar-layout":"","site-content-layout":"","ast-main-header-display":"","ast-hfb-above-header-display":"","ast-hfb-below-header-display":"","ast-hfb-mobile-header-display":"","site-post-title":"","ast-breadcrumbs-content":"","ast-featured-img":"","footer-sml-layout":"","theme-transparent-header-meta":"","adv-header-id-meta":"","stick-header-meta":"","header-above-stick-meta":"","header-main-stick-meta":"","header-below-stick-meta":""},"_links":{"self":[{"href":"http:\/\/lodowisko.rzeszow.pl\/index.php?rest_route=\/wp\/v2\/pages\/50"}],"collection":[{"href":"http:\/\/lodowisko.rzeszow.pl\/index.php?rest_route=\/wp\/v2\/pages"}],"about":[{"href":"http:\/\/lodowisko.rzeszow.pl\/index.php?rest_route=\/wp\/v2\/types\/page"}],"author":[{"embeddable":true,"href":"http:\/\/lodowisko.rzeszow.pl\/index.php?rest_route=\/wp\/v2\/users\/1"}],"replies":[{"embeddable":true,"href":"http:\/\/lodowisko.rzeszow.pl\/index.php?rest_route=%2Fwp%2Fv2%2Fcomments&post=50"}],"version-history":[{"count":10,"href":"http:\/\/lodowisko.rzeszow.pl\/index.php?rest_route=\/wp\/v2\/pages\/50\/revisions"}],"predecessor-version":[{"id":174,"href":"http:\/\/lodowisko.rzeszow.pl\/index.php?rest_route=\/wp\/v2\/pages\/50\/revisions\/174"}],"wp:attachment":[{"href":"http:\/\/lodowisko.rzeszow.pl\/index.php?rest_route=%2Fwp%2Fv2%2Fmedia&parent=50"}],"curies":[{"name":"wp","href":"https:\/\/api.w.org\/{rel}","templated":true}]}}